{"id":241902,"date":"2024-08-26T14:39:22","date_gmt":"2024-08-26T12:39:22","guid":{"rendered":"https:\/\/gonelio.fr\/?post_type=product&#038;p=241902"},"modified":"2025-10-19T10:55:23","modified_gmt":"2025-10-19T08:55:23","slug":"gone","status":"publish","type":"product","link":"https:\/\/gonelio.fr\/index.php\/produit\/gone\/","title":{"rendered":"GONE"},"content":{"rendered":"","protected":false},"excerpt":{"rendered":"<p>Peluche emblematique de la marque. Objet d\u00e9coratif .Cr\u00e9e \u00e0 partir des chutes de la collection pr\u00e9c\u00e9dente. Les mati\u00e8res disponibles sont plus ou moins rare.<\/p>\n<ul>\n<li>Tissu 100% al\u00e9atoire.<\/li>\n<li>Rembourrage en plume de canard blanc.<\/li>\n<\/ul>\n<p>Le model pr\u00e9sent sur la photo est compos\u00e9 de coton blanc et d&rsquo;un cuir d&rsquo;agneau noir.<\/p>\n","protected":false},"featured_media":241903,"template":"","meta":{"_et_pb_use_builder":"","_et_pb_old_content":"","_et_gb_content_width":""},"product_brand":[],"product_cat":[47,15],"product_tag":[],"class_list":{"0":"post-241902","1":"product","2":"type-product","3":"status-publish","4":"has-post-thumbnail","6":"product_cat-echarpes","7":"product_cat-non-classe","9":"first","10":"instock","11":"taxable","12":"shipping-taxable","13":"purchasable","14":"product-type-simple"},"_links":{"self":[{"href":"https:\/\/gonelio.fr\/index.php\/wp-json\/wp\/v2\/product\/241902","targetHints":{"allow":["GET"]}}],"collection":[{"href":"https:\/\/gonelio.fr\/index.php\/wp-json\/wp\/v2\/product"}],"about":[{"href":"https:\/\/gonelio.fr\/index.php\/wp-json\/wp\/v2\/types\/product"}],"wp:featuredmedia":[{"embeddable":true,"href":"https:\/\/gonelio.fr\/index.php\/wp-json\/wp\/v2\/media\/241903"}],"wp:attachment":[{"href":"https:\/\/gonelio.fr\/index.php\/wp-json\/wp\/v2\/media?parent=241902"}],"wp:term":[{"taxonomy":"product_brand","embeddable":true,"href":"https:\/\/gonelio.fr\/index.php\/wp-json\/wp\/v2\/product_brand?post=241902"},{"taxonomy":"product_cat","embeddable":true,"href":"https:\/\/gonelio.fr\/index.php\/wp-json\/wp\/v2\/product_cat?post=241902"},{"taxonomy":"product_tag","embeddable":true,"href":"https:\/\/gonelio.fr\/index.php\/wp-json\/wp\/v2\/product_tag?post=241902"}],"curies":[{"name":"wp","href":"https:\/\/api.w.org\/{rel}","templated":true}]}}