{"id":241628,"date":"2024-05-03T20:27:06","date_gmt":"2024-05-03T18:27:06","guid":{"rendered":"https:\/\/gonelio.fr\/?post_type=product&#038;p=241628"},"modified":"2025-10-19T11:01:32","modified_gmt":"2025-10-19T09:01:32","slug":"black-dolly-bag","status":"publish","type":"product","link":"https:\/\/gonelio.fr\/index.php\/produit\/black-dolly-bag\/","title":{"rendered":"Dolly Bag"},"content":{"rendered":"","protected":false},"excerpt":{"rendered":"<div id=\"productDescription\" class=\"as-cell margin-top--xsmall decorate-lists text--no-case\" data-pdp-component=\"description\" data-component-id=\"productDescription\" data-component-state=\"loaded\" data-expanded=\"true\">\n<div data-description-component=\"content\">\n<p>&nbsp;<\/p>\n<\/div>\n<div class=\"on--expanded-true\">\n<p class=\"margin-bottom--line-height\">Le sac iconique GONE confectionn\u00e9 en cuir. Comprend une poign\u00e9e sup\u00e9rieure et une longue sangle. \u00a0Int\u00e9rieur spacieux et bandouli\u00e8re r\u00e9glable.<\/p>\n<ul>\n<li>Cuir effet grain\u00e9<\/li>\n<li>Deux poches int\u00e9rieur<\/li>\n<li>Une poche zip\u00e9e int\u00e9rieur<\/li>\n<li>Poign\u00e9e sur le dessus<\/li>\n<li>Dimensions\u00a0:<\/li>\n<li>Longueur de bandouli\u00e8re r\u00e9glable\u00a0:<\/li>\n<li>Housse de protection<\/li>\n<li>Sac con\u00e7u au Maroc<\/li>\n<\/ul>\n<ul>\n<li>Ext\u00e9rieur : 100% cuir de vache, doublure : 100% Coton<\/li>\n<\/ul>\n<\/div>\n<\/div>\n","protected":false},"featured_media":241815,"template":"","meta":{"_et_pb_use_builder":"","_et_pb_old_content":"","_et_gb_content_width":""},"product_brand":[],"product_cat":[47,48,36],"product_tag":[],"class_list":{"0":"post-241628","1":"product","2":"type-product","3":"status-publish","4":"has-post-thumbnail","6":"product_cat-echarpes","7":"product_cat-maille","8":"product_cat-sac","10":"first","11":"onbackorder","12":"sale","13":"purchasable","14":"product-type-variable"},"_links":{"self":[{"href":"https:\/\/gonelio.fr\/index.php\/wp-json\/wp\/v2\/product\/241628","targetHints":{"allow":["GET"]}}],"collection":[{"href":"https:\/\/gonelio.fr\/index.php\/wp-json\/wp\/v2\/product"}],"about":[{"href":"https:\/\/gonelio.fr\/index.php\/wp-json\/wp\/v2\/types\/product"}],"wp:featuredmedia":[{"embeddable":true,"href":"https:\/\/gonelio.fr\/index.php\/wp-json\/wp\/v2\/media\/241815"}],"wp:attachment":[{"href":"https:\/\/gonelio.fr\/index.php\/wp-json\/wp\/v2\/media?parent=241628"}],"wp:term":[{"taxonomy":"product_brand","embeddable":true,"href":"https:\/\/gonelio.fr\/index.php\/wp-json\/wp\/v2\/product_brand?post=241628"},{"taxonomy":"product_cat","embeddable":true,"href":"https:\/\/gonelio.fr\/index.php\/wp-json\/wp\/v2\/product_cat?post=241628"},{"taxonomy":"product_tag","embeddable":true,"href":"https:\/\/gonelio.fr\/index.php\/wp-json\/wp\/v2\/product_tag?post=241628"}],"curies":[{"name":"wp","href":"https:\/\/api.w.org\/{rel}","templated":true}]}}