{"id":241626,"date":"2024-05-03T20:21:15","date_gmt":"2024-05-03T18:21:15","guid":{"rendered":"https:\/\/gonelio.fr\/?post_type=product&#038;p=241626"},"modified":"2025-10-19T10:55:50","modified_gmt":"2025-10-19T08:55:50","slug":"big-flowy-jacket","status":"publish","type":"product","link":"https:\/\/gonelio.fr\/index.php\/produit\/big-flowy-jacket\/","title":{"rendered":"Big Flowy Jacket"},"content":{"rendered":"<p>Taille unique convient de la taille S jusqu&rsquo;\u00e0 la taille XXL.<\/p>\n<p>Cette pi\u00e8ce est confectionn\u00e9e \u00e0 la commande &#8211; entre 2 et 3 semaines de d\u00e9lais<\/p>\n<p>Merci<\/p>\n","protected":false},"excerpt":{"rendered":"<p class=\"margin-bottom--line-height\">Confectionn\u00e9 en Taffetas froiss\u00e9, ce manteau noir Gone comporte deux poches cot\u00e9es. Cet article dispose d\u2019une coupe oversize longue matelass\u00e9.<\/p>\n<ul>\n<li>Coupe oversize<\/li>\n<li>Longueur cheville<\/li>\n<li>Doubl\u00e9 en ouatine<\/li>\n<li>Poches cot\u00e9es<\/li>\n<li>Doublure int\u00e9grale<\/li>\n<li>Ext\u00e9rieur\u00a0: 100 % polyester Doublure\u00a0: 100\u00a0% viscose<\/li>\n<\/ul>\n","protected":false},"featured_media":241821,"template":"","meta":{"_et_pb_use_builder":"","_et_pb_old_content":"","_et_gb_content_width":""},"product_brand":[],"product_cat":[44,47,37],"product_tag":[],"class_list":{"0":"post-241626","1":"product","2":"type-product","3":"status-publish","4":"has-post-thumbnail","6":"product_cat-collab","7":"product_cat-echarpes","8":"product_cat-veste","10":"first","11":"outofstock","12":"purchasable","13":"product-type-simple"},"_links":{"self":[{"href":"https:\/\/gonelio.fr\/index.php\/wp-json\/wp\/v2\/product\/241626","targetHints":{"allow":["GET"]}}],"collection":[{"href":"https:\/\/gonelio.fr\/index.php\/wp-json\/wp\/v2\/product"}],"about":[{"href":"https:\/\/gonelio.fr\/index.php\/wp-json\/wp\/v2\/types\/product"}],"wp:featuredmedia":[{"embeddable":true,"href":"https:\/\/gonelio.fr\/index.php\/wp-json\/wp\/v2\/media\/241821"}],"wp:attachment":[{"href":"https:\/\/gonelio.fr\/index.php\/wp-json\/wp\/v2\/media?parent=241626"}],"wp:term":[{"taxonomy":"product_brand","embeddable":true,"href":"https:\/\/gonelio.fr\/index.php\/wp-json\/wp\/v2\/product_brand?post=241626"},{"taxonomy":"product_cat","embeddable":true,"href":"https:\/\/gonelio.fr\/index.php\/wp-json\/wp\/v2\/product_cat?post=241626"},{"taxonomy":"product_tag","embeddable":true,"href":"https:\/\/gonelio.fr\/index.php\/wp-json\/wp\/v2\/product_tag?post=241626"}],"curies":[{"name":"wp","href":"https:\/\/api.w.org\/{rel}","templated":true}]}}