{"id":241622,"date":"2024-05-03T20:17:25","date_gmt":"2024-05-03T18:17:25","guid":{"rendered":"https:\/\/gonelio.fr\/?post_type=product&#038;p=241622"},"modified":"2025-10-19T10:56:16","modified_gmt":"2025-10-19T08:56:16","slug":"trench-age","status":"publish","type":"product","link":"https:\/\/gonelio.fr\/index.php\/produit\/trench-age\/","title":{"rendered":"Trench \u00c2ge"},"content":{"rendered":"<p>Taille unique convient de a taille S \u00e0 la Taille XL<\/p>\n","protected":false},"excerpt":{"rendered":"<p class=\"margin-bottom--line-height\">Ce manteau droit doubl\u00e9 adopte une coupe ample mi-longue. Il est confectionn\u00e9 en laine et \u00e9ponge sur les \u00e9paules<\/p>\n<ul>\n<li>Coupe ample<\/li>\n<li>Mi-longue, coupe sous le genou<\/li>\n<li>Coupe droite<\/li>\n<li>Fermeture Ceinture et passants<\/li>\n<li>Confection en laine responsable<\/li>\n<li>Doublure en cupro et viscose<\/li>\n<\/ul>\n<ul>\n<li style=\"list-style-type: none;\"><\/li>\n<\/ul>\n","protected":false},"featured_media":241853,"template":"","meta":{"_et_pb_use_builder":"","_et_pb_old_content":"","_et_gb_content_width":""},"product_brand":[],"product_cat":[47,37],"product_tag":[],"class_list":{"0":"post-241622","1":"product","2":"type-product","3":"status-publish","4":"has-post-thumbnail","6":"product_cat-echarpes","7":"product_cat-veste","9":"first","10":"instock","11":"purchasable","12":"product-type-simple"},"_links":{"self":[{"href":"https:\/\/gonelio.fr\/index.php\/wp-json\/wp\/v2\/product\/241622","targetHints":{"allow":["GET"]}}],"collection":[{"href":"https:\/\/gonelio.fr\/index.php\/wp-json\/wp\/v2\/product"}],"about":[{"href":"https:\/\/gonelio.fr\/index.php\/wp-json\/wp\/v2\/types\/product"}],"wp:featuredmedia":[{"embeddable":true,"href":"https:\/\/gonelio.fr\/index.php\/wp-json\/wp\/v2\/media\/241853"}],"wp:attachment":[{"href":"https:\/\/gonelio.fr\/index.php\/wp-json\/wp\/v2\/media?parent=241622"}],"wp:term":[{"taxonomy":"product_brand","embeddable":true,"href":"https:\/\/gonelio.fr\/index.php\/wp-json\/wp\/v2\/product_brand?post=241622"},{"taxonomy":"product_cat","embeddable":true,"href":"https:\/\/gonelio.fr\/index.php\/wp-json\/wp\/v2\/product_cat?post=241622"},{"taxonomy":"product_tag","embeddable":true,"href":"https:\/\/gonelio.fr\/index.php\/wp-json\/wp\/v2\/product_tag?post=241622"}],"curies":[{"name":"wp","href":"https:\/\/api.w.org\/{rel}","templated":true}]}}