{"id":187,"date":"2024-04-22T19:01:52","date_gmt":"2024-04-22T17:01:52","guid":{"rendered":"https:\/\/gonelio.fr\/?post_type=product&#038;p=187"},"modified":"2025-10-19T10:56:50","modified_gmt":"2025-10-19T08:56:50","slug":"flowy-windbreaker","status":"publish","type":"product","link":"https:\/\/gonelio.fr\/index.php\/produit\/flowy-windbreaker\/","title":{"rendered":"Flowy Windbreaker"},"content":{"rendered":"<p>Cette pi\u00e8ce est confectionn\u00e9e \u00e0 la commande &#8211; entre 2 et 3 semaines de d\u00e9lais<\/p>\n<p>Merci<\/p>\n","protected":false},"excerpt":{"rendered":"<div id=\"productDescription\" class=\"as-cell margin-top--xsmall decorate-lists text--no-case\" data-pdp-component=\"description\" data-component-id=\"productDescription\" data-component-state=\"loaded\" data-expanded=\"true\">\n<div data-description-component=\"content\">\n<p class=\"margin-bottom--line-height\">R\u00e9alis\u00e9e en taffetas froiss\u00e9, cette veste coupe-vent affiche une coupe droite. Elle pr\u00e9sente une coupe qui descend en-dessous des hanches avec des emmanchures souples.<\/p>\n<ul>\n<li>Coupe droite<\/li>\n<li>Longueur hanches<\/li>\n<li>Construction souple des \u00e9paules<\/li>\n<li>Deux oeillets poitrine<\/li>\n<li>Poches cot\u00e9s<\/li>\n<li>Fermeture \u00e9clair<\/li>\n<\/ul>\n<ul>\n<li>Doublure\u00a0: 100\u00a0% cupro<\/li>\n<\/ul>\n<\/div>\n<div class=\"on--expanded-true\"><\/div>\n<\/div>\n","protected":false},"featured_media":241869,"template":"","meta":{"_et_pb_use_builder":"","_et_pb_old_content":"","_et_gb_content_width":""},"product_brand":[],"product_cat":[44,47,15],"product_tag":[],"class_list":{"0":"post-187","1":"product","2":"type-product","3":"status-publish","4":"has-post-thumbnail","6":"product_cat-collab","7":"product_cat-echarpes","8":"product_cat-non-classe","10":"first","11":"instock","12":"purchasable","13":"product-type-simple"},"_links":{"self":[{"href":"https:\/\/gonelio.fr\/index.php\/wp-json\/wp\/v2\/product\/187","targetHints":{"allow":["GET"]}}],"collection":[{"href":"https:\/\/gonelio.fr\/index.php\/wp-json\/wp\/v2\/product"}],"about":[{"href":"https:\/\/gonelio.fr\/index.php\/wp-json\/wp\/v2\/types\/product"}],"wp:featuredmedia":[{"embeddable":true,"href":"https:\/\/gonelio.fr\/index.php\/wp-json\/wp\/v2\/media\/241869"}],"wp:attachment":[{"href":"https:\/\/gonelio.fr\/index.php\/wp-json\/wp\/v2\/media?parent=187"}],"wp:term":[{"taxonomy":"product_brand","embeddable":true,"href":"https:\/\/gonelio.fr\/index.php\/wp-json\/wp\/v2\/product_brand?post=187"},{"taxonomy":"product_cat","embeddable":true,"href":"https:\/\/gonelio.fr\/index.php\/wp-json\/wp\/v2\/product_cat?post=187"},{"taxonomy":"product_tag","embeddable":true,"href":"https:\/\/gonelio.fr\/index.php\/wp-json\/wp\/v2\/product_tag?post=187"}],"curies":[{"name":"wp","href":"https:\/\/api.w.org\/{rel}","templated":true}]}}