{"id":179,"date":"2024-04-22T18:22:22","date_gmt":"2024-04-22T16:22:22","guid":{"rendered":"https:\/\/gonelio.fr\/?post_type=product&#038;p=179"},"modified":"2025-10-19T10:57:15","modified_gmt":"2025-10-19T08:57:15","slug":"flowy-trousers","status":"publish","type":"product","link":"https:\/\/gonelio.fr\/index.php\/produit\/flowy-trousers\/","title":{"rendered":"Flowy Trousers"},"content":{"rendered":"","protected":false},"excerpt":{"rendered":"<div id=\"productDescription\" class=\"as-cell margin-top--xsmall decorate-lists text--no-case\" data-pdp-component=\"description\" data-component-id=\"productDescription\" data-component-state=\"loaded\" data-expanded=\"true\">\n<div data-description-component=\"content\">\n<p class=\"margin-bottom--line-height\">Le pantalon est confectionn\u00e9 dans un taffetas froiss\u00e9e. Coupe d\u00e9contract\u00e9e et large avec une taille mi-haute et une longueur standard.<\/p>\n<ul>\n<li>Coupe ample<\/li>\n<li>Taille mi-haute<\/li>\n<li>Jambe standard<\/li>\n<li>Longueur standard<\/li>\n<li>Poches italienne<\/li>\n<\/ul>\n<\/div>\n<div class=\"on--expanded-true\"><\/div>\n<\/div>\n","protected":false},"featured_media":241895,"template":"","meta":{"_et_pb_use_builder":"","_et_pb_old_content":"","_et_gb_content_width":""},"product_brand":[],"product_cat":[44,47],"product_tag":[],"class_list":{"0":"post-179","1":"product","2":"type-product","3":"status-publish","4":"has-post-thumbnail","6":"product_cat-collab","7":"product_cat-echarpes","9":"first","10":"outofstock","11":"purchasable","12":"product-type-simple"},"_links":{"self":[{"href":"https:\/\/gonelio.fr\/index.php\/wp-json\/wp\/v2\/product\/179","targetHints":{"allow":["GET"]}}],"collection":[{"href":"https:\/\/gonelio.fr\/index.php\/wp-json\/wp\/v2\/product"}],"about":[{"href":"https:\/\/gonelio.fr\/index.php\/wp-json\/wp\/v2\/types\/product"}],"wp:featuredmedia":[{"embeddable":true,"href":"https:\/\/gonelio.fr\/index.php\/wp-json\/wp\/v2\/media\/241895"}],"wp:attachment":[{"href":"https:\/\/gonelio.fr\/index.php\/wp-json\/wp\/v2\/media?parent=179"}],"wp:term":[{"taxonomy":"product_brand","embeddable":true,"href":"https:\/\/gonelio.fr\/index.php\/wp-json\/wp\/v2\/product_brand?post=179"},{"taxonomy":"product_cat","embeddable":true,"href":"https:\/\/gonelio.fr\/index.php\/wp-json\/wp\/v2\/product_cat?post=179"},{"taxonomy":"product_tag","embeddable":true,"href":"https:\/\/gonelio.fr\/index.php\/wp-json\/wp\/v2\/product_tag?post=179"}],"curies":[{"name":"wp","href":"https:\/\/api.w.org\/{rel}","templated":true}]}}