{"id":94,"date":"2024-04-22T11:06:36","date_gmt":"2024-04-22T09:06:36","guid":{"rendered":"https:\/\/gonelio.fr\/?page_id=94"},"modified":"2025-02-28T18:59:30","modified_gmt":"2025-02-28T17:59:30","slug":"le-createur","status":"publish","type":"page","link":"https:\/\/gonelio.fr\/index.php\/le-createur\/","title":{"rendered":"Le cr\u00e9ateur"},"content":{"rendered":"<p>[et_pb_section fb_built=\u00a0\u00bb1&Prime; admin_label=\u00a0\u00bbHero\u00a0\u00bb _builder_version=\u00a0\u00bb4.25.1&Prime; _module_preset=\u00a0\u00bbdefault\u00a0\u00bb use_background_color_gradient=\u00a0\u00bbon\u00a0\u00bb background_color_gradient_direction=\u00a0\u00bb148deg\u00a0\u00bb background_color_gradient_stops=\u00a0\u00bb#ffffff 50%|rgba(255,255,255,0.85) 75%|rgba(255,255,255,0.36) 100%\u00a0\u00bb background_color_gradient_overlays_image=\u00a0\u00bbon\u00a0\u00bb background_color_gradient_start=\u00a0\u00bbrgba(0,0,0,0.5)\u00a0\u00bb background_color_gradient_end=\u00a0\u00bbrgba(0,0,0,0.75)\u00a0\u00bb background_enable_image=\u00a0\u00bboff\u00a0\u00bb custom_padding=\u00a0\u00bb||||false|false\u00a0\u00bb locked=\u00a0\u00bboff\u00a0\u00bb collapsed=\u00a0\u00bbon\u00a0\u00bb global_colors_info=\u00a0\u00bb{}\u00a0\u00bb][et_pb_row column_structure=\u00a0\u00bb1_2,1_2&Prime; _builder_version=\u00a0\u00bb4.25.1&Prime; _module_preset=\u00a0\u00bb5138c454-be54-4233-bd3b-f8e6a8747976&Prime; locked=\u00a0\u00bboff\u00a0\u00bb global_colors_info=\u00a0\u00bb{}\u00a0\u00bb][et_pb_column type=\u00a0\u00bb1_2&Prime; _builder_version=\u00a0\u00bb4.23.1&Prime; _module_preset=\u00a0\u00bb73121f80-a3ef-4484-8763-c3f18e3c56d2&Prime; global_colors_info=\u00a0\u00bb{}\u00a0\u00bb][et_pb_heading title=\u00a0\u00bbDiscover Your Next Adventure\u00a0\u00bb _builder_version=\u00a0\u00bb4.27.2&Prime; _module_preset=\u00a0\u00bbf0c675ea-2574-4d0e-b725-30f8550a8550&Prime; title_level=\u00a0\u00bbh4&Prime; title_font=\u00a0\u00bbFauna One|Cinzel_weight||on|||||\u00a0\u00bb title_text_align=\u00a0\u00bbcenter\u00a0\u00bb title_text_color=\u00a0\u00bb#003566&Prime; title_font_size=\u00a0\u00bb14px\u00a0\u00bb title_letter_spacing=\u00a0\u00bb1px\u00a0\u00bb title_line_height=\u00a0\u00bb1.4em\u00a0\u00bb module_alignment=\u00a0\u00bbcenter\u00a0\u00bb custom_margin=\u00a0\u00bb||10px||false|false\u00a0\u00bb title_font_size_tablet=\u00a0\u00bb13px\u00a0\u00bb title_font_size_phone=\u00a0\u00bb13px\u00a0\u00bb title_font_size_last_edited=\u00a0\u00bbon|phone\u00a0\u00bb locked=\u00a0\u00bboff\u00a0\u00bb global_colors_info=\u00a0\u00bb{%22#003566%22:%91%22title_text_color%22%93}\u00a0\u00bb][\/et_pb_heading][et_pb_heading title=\u00a0\u00bbLe cr\u00e9ateur\u00a0\u00bb _builder_version=\u00a0\u00bb4.27.2&Prime; _module_preset=\u00a0\u00bbddeb8c09-9078-4424-bc15-2efb6572e28e\u00a0\u00bb title_font=\u00a0\u00bb&#8211;et_global_heading_font|Cinzel_weight||on|||||\u00a0\u00bb title_text_align=\u00a0\u00bbcenter\u00a0\u00bb title_text_color=\u00a0\u00bb#0e0c19&Prime; title_font_size=\u00a0\u00bb63px\u00a0\u00bb title_line_height=\u00a0\u00bb1.15em\u00a0\u00bb title_text_align_tablet=\u00a0\u00bbcenter\u00a0\u00bb title_text_align_phone=\u00a0\u00bbcenter\u00a0\u00bb title_text_align_last_edited=\u00a0\u00bbon|tablet\u00a0\u00bb title_font_size_tablet=\u00a0\u00bb40px\u00a0\u00bb title_font_size_phone=\u00a0\u00bb24px\u00a0\u00bb title_font_size_last_edited=\u00a0\u00bbon|tablet\u00a0\u00bb locked=\u00a0\u00bboff\u00a0\u00bb global_colors_info=\u00a0\u00bb{}\u00a0\u00bb][\/et_pb_heading][et_pb_text quote_border_color=\u00a0\u00bb#ffc300&Prime; _builder_version=\u00a0\u00bb4.27.4&Prime; _module_preset=\u00a0\u00bb2c55a9c4-feed-423b-9edb-ae0b5b365cac\u00a0\u00bb text_font=\u00a0\u00bbFauna One|Fauna One_weight|||||||\u00a0\u00bb text_text_color=\u00a0\u00bb#3c3a47&Prime; text_font_size=\u00a0\u00bb16px\u00a0\u00bb text_line_height=\u00a0\u00bb1.75em\u00a0\u00bb link_font=\u00a0\u00bb|Fauna One_weight|||||||\u00a0\u00bb link_text_color=\u00a0\u00bb#003566&Prime; quote_font=\u00a0\u00bbCinzel|Cinzel_weight|||||||\u00a0\u00bb quote_text_color=\u00a0\u00bb#0e0c19&Prime; header_font=\u00a0\u00bbCinzel|Cinzel_weight|||||||\u00a0\u00bb header_text_color=\u00a0\u00bb#0e0c19&Prime; header_font_size=\u00a0\u00bb72px\u00a0\u00bb header_line_height=\u00a0\u00bb1.15em\u00a0\u00bb header_2_font=\u00a0\u00bbCinzel|Cinzel_weight|||||||\u00a0\u00bb header_2_text_color=\u00a0\u00bb#0e0c19&Prime; header_2_font_size=\u00a0\u00bb50px\u00a0\u00bb header_2_line_height=\u00a0\u00bb1.2em\u00a0\u00bb header_3_font=\u00a0\u00bbCinzel|Cinzel_weight|||||||\u00a0\u00bb header_3_text_color=\u00a0\u00bb#0e0c19&Prime; header_3_font_size=\u00a0\u00bb32px\u00a0\u00bb header_3_line_height=\u00a0\u00bb1.3em\u00a0\u00bb header_4_font=\u00a0\u00bbCinzel|Cinzel_weight|||||||\u00a0\u00bb header_4_text_color=\u00a0\u00bb#0e0c19&Prime; header_4_font_size=\u00a0\u00bb24px\u00a0\u00bb header_4_line_height=\u00a0\u00bb1.4em\u00a0\u00bb header_5_font=\u00a0\u00bbCinzel|Cinzel_weight|||||||\u00a0\u00bb header_5_text_color=\u00a0\u00bb#0e0c19&Prime; header_5_font_size=\u00a0\u00bb18px\u00a0\u00bb header_5_line_height=\u00a0\u00bb1.4em\u00a0\u00bb header_6_font=\u00a0\u00bbCinzel|Cinzel_weight|||||||\u00a0\u00bb header_6_text_color=\u00a0\u00bb#0e0c19&Prime; header_6_line_height=\u00a0\u00bb1.5em\u00a0\u00bb text_orientation=\u00a0\u00bbcenter\u00a0\u00bb custom_margin=\u00a0\u00bb||||false|false\u00a0\u00bb hover_enabled=\u00a0\u00bb0&Prime; text_font_size_tablet=\u00a0\u00bb15px\u00a0\u00bb text_font_size_phone=\u00a0\u00bb14px\u00a0\u00bb text_font_size_last_edited=\u00a0\u00bbon|phone\u00a0\u00bb header_font_size_tablet=\u00a0\u00bb40px\u00a0\u00bb header_font_size_phone=\u00a0\u00bb24px\u00a0\u00bb header_font_size_last_edited=\u00a0\u00bbon|desktop\u00a0\u00bb header_2_font_size_tablet=\u00a0\u00bb28px\u00a0\u00bb header_2_font_size_phone=\u00a0\u00bb20px\u00a0\u00bb header_2_font_size_last_edited=\u00a0\u00bbon|phone\u00a0\u00bb header_3_font_size_tablet=\u00a0\u00bb22px\u00a0\u00bb header_3_font_size_phone=\u00a0\u00bb17px\u00a0\u00bb header_3_font_size_last_edited=\u00a0\u00bbon|phone\u00a0\u00bb header_4_font_size_tablet=\u00a0\u00bb18px\u00a0\u00bb header_4_font_size_phone=\u00a0\u00bb15px\u00a0\u00bb header_4_font_size_last_edited=\u00a0\u00bbon|tablet\u00a0\u00bb header_5_font_size_tablet=\u00a0\u00bb15px\u00a0\u00bb header_5_font_size_phone=\u00a0\u00bb14px\u00a0\u00bb header_5_font_size_last_edited=\u00a0\u00bbon|desktop\u00a0\u00bb header_6_font_size_tablet=\u00a0\u00bb13px\u00a0\u00bb header_6_font_size_phone=\u00a0\u00bb13px\u00a0\u00bb header_6_font_size_last_edited=\u00a0\u00bbon|desktop\u00a0\u00bb locked=\u00a0\u00bboff\u00a0\u00bb global_colors_info=\u00a0\u00bb{}\u00a0\u00bb sticky_enabled=\u00a0\u00bb0&Prime;]<\/p>\n<h5><span style=\"color: #1c1c1c; font-family: Montserrat, sans-serif;\"><span>LA\u00a0<\/span><\/span><span>CR\u00c9ATION<\/span><span style=\"color: #1c1c1c; font-family: Montserrat, sans-serif;\"><span>\u00a0EST UN BESOIN VITAL, UN MOYEN D&rsquo;EXPRESSION O\u00d9 \u00c2ME ET ARTISANAT SE RENCONTRENT POUR DONNER NAISSANCE \u00c0 DES PI\u00c8CES UNIQUES. N\u00c9 DANS UN VILLAGE DU NORD DE LA FRANCE, LE CR\u00c9ATEUR GONE PUISE SON INSPIRATION DANS SON V\u00c9CU, SON ENVIRONNEMENT ET SON HERITAGE CULTUREL.<\/span><\/span><\/h5>\n<p><span style=\"color: #0e0c19; font-family: Cinzel, Georgia, 'Times New Roman', serif; font-size: 18px;\">CHAQUE COLLECTION EST UN VOYAGE, UN R\u00c9CIT TEXTILE QUI EXPLORE DES SOUVENIRS, DES EMOTIONS ET DES FRAGMENTS DE VIE. DE L&rsquo;INNOCENCE DE L&rsquo;ENFANCE \u00c0 LA REBELLION DE L&rsquo;ADOLESCENCE, CHAQUE V\u00caTEMENT TRADUIT UN PASSAGE, UNE \u00c9VOLUTION. LA NATURE ET LA QU\u00caTE DE PERFECTION GUIDENT SON PROCESSUS, INFLUENC\u00c9S PAR L&rsquo;ARTISANAT ET LA TRANSMISSION DES SAVOIR AU SEIN D&rsquo;UNE PARTIE DE SA FAMILLE.\u00a0<\/span><\/p>\n<p>VOYAGER EST UNE SOURCE IN\u00c9PUISABLE D&rsquo;INSPIRATION. CHAQUE DESTINATION, CHAQUE CULTURE APPORTE UNE NOUVELLE VISON DE LA VIE ET DU V\u00caTEMENT. FUSIONNER L&rsquo;\u00c9L\u00c9GANCE ET LA RIGUEUR DU TAILORING FRAN\u00c7AIS ET SES INFLUENCES VENUES DU MONDE ENTIER, POUR CR\u00c9ER UNE MODE QUI TRANSCENDE LES FRONTIERES ET LES CODES.\u00a0<span style=\"color: #0e0c19; font-family: Cinzel, Georgia, 'Times New Roman', serif; font-size: 18px;\"><\/span><\/p>\n<p>&nbsp;<\/p>\n<p>AUTODIDACTE PASSIONN\u00c9, IL R\u00c9INVENTE SANS CESSE SON APPROCHE EN TRANSMETTANT SAVISION DE L&rsquo;\u00c9XISTANCE. AVEC GONE, IL NE SAGIT PAS DE MODE, MAIS D&rsquo;UN LANGUAGE, UNE VISION QUI \u00c9VOLUE AU FIL DU TEMPS, PR\u00c9SERVER, S&rsquo;APPRENDRE, S&rsquo;AIMER.<\/p>\n<p>&nbsp;<\/p>\n<p>GONE MON ALTER EGO &#8211; UN HOMMAGE \u00c0 MES TERREURS. CELLES QUE J&rsquo;AIME PLUS QUE TOUT.<\/p>\n<p><span style=\"color: #0e0c19; font-family: Cinzel, Georgia, 'Times New Roman', serif; font-size: 18px;\"><\/span><\/p>\n<div><\/div>\n<p>[\/et_pb_text][et_pb_button button_text=\u00a0\u00bbEn savoir plus\u00a0\u00bb button_alignment=\u00a0\u00bbcenter\u00a0\u00bb button_alignment_tablet=\u00a0\u00bbcenter\u00a0\u00bb button_alignment_phone=\u00a0\u00bbcenter\u00a0\u00bb button_alignment_last_edited=\u00a0\u00bbon|tablet\u00a0\u00bb _builder_version=\u00a0\u00bb4.27.2&Prime; _module_preset=\u00a0\u00bb1bffc0fc-42a0-49d1-bd9a-ae3ade2d7206&Prime; custom_button=\u00a0\u00bbon\u00a0\u00bb button_text_size=\u00a0\u00bb14px\u00a0\u00bb button_text_color=\u00a0\u00bb#FFFFFF\u00a0\u00bb button_bg_color=\u00a0\u00bb#000000&Prime; button_border_width=\u00a0\u00bb0px\u00a0\u00bb button_border_radius=\u00a0\u00bb100px\u00a0\u00bb button_font=\u00a0\u00bbFauna One|700|||||||\u00a0\u00bb custom_padding=\u00a0\u00bb12px|24px|12px|24px|true|true\u00a0\u00bb locked=\u00a0\u00bboff\u00a0\u00bb global_colors_info=\u00a0\u00bb{%22#ffc300%22:%91%22button_bg_color%22%93}\u00a0\u00bb custom_padding__hover_enabled=\u00a0\u00bboff|desktop\u00a0\u00bb custom_padding__hover=\u00a0\u00bb|28px||20px|true|false\u00a0\u00bb][\/et_pb_button][\/et_pb_column][et_pb_column type=\u00a0\u00bb1_2&Prime; _builder_version=\u00a0\u00bb4.25.1&Prime; _module_preset=\u00a0\u00bb73121f80-a3ef-4484-8763-c3f18e3c56d2&Prime; global_colors_info=\u00a0\u00bb{}\u00a0\u00bb][et_pb_image src=\u00a0\u00bbhttps:\/\/gonelio.fr\/wp-content\/uploads\/2024\/06\/33975B16-79F0-4F2A-87B2-00C26B480C28-scaled.jpeg\u00a0\u00bb title_text=\u00a0\u00bb21122023-GONE-170 copie\u00a0\u00bb _builder_version=\u00a0\u00bb4.27.4&Prime; _module_preset=\u00a0\u00bbdefault\u00a0\u00bb max_height=\u00a0\u00bb550px\u00a0\u00bb border_radii=\u00a0\u00bbon|6px|6px|6px|6px\u00a0\u00bb box_shadow_style=\u00a0\u00bbpreset4&Prime; box_shadow_horizontal=\u00a0\u00bb0px\u00a0\u00bb box_shadow_vertical=\u00a0\u00bb24px\u00a0\u00bb box_shadow_blur=\u00a0\u00bb72px\u00a0\u00bb box_shadow_spread=\u00a0\u00bb-12px\u00a0\u00bb box_shadow_color=\u00a0\u00bbrgba(0,0,0,0.12)\u00a0\u00bb locked=\u00a0\u00bboff\u00a0\u00bb global_colors_info=\u00a0\u00bb{}\u00a0\u00bb][\/et_pb_image][\/et_pb_column][\/et_pb_row][\/et_pb_section][et_pb_section fb_built=\u00a0\u00bb1&Prime; _builder_version=\u00a0\u00bb4.25.1&Prime; _module_preset=\u00a0\u00bbdefault\u00a0\u00bb background_color=\u00a0\u00bb#000000&Prime; global_colors_info=\u00a0\u00bb{}\u00a0\u00bb][et_pb_row column_structure=\u00a0\u00bb1_2,1_2&Prime; _builder_version=\u00a0\u00bb4.25.1&Prime; _module_preset=\u00a0\u00bbdefault\u00a0\u00bb global_colors_info=\u00a0\u00bb{}\u00a0\u00bb][et_pb_column type=\u00a0\u00bb1_2&Prime; _builder_version=\u00a0\u00bb4.25.1&Prime; _module_preset=\u00a0\u00bbdefault\u00a0\u00bb global_colors_info=\u00a0\u00bb{}\u00a0\u00bb][et_pb_image src=\u00a0\u00bbhttps:\/\/gonelio.fr\/wp-content\/uploads\/2024\/05\/25112023-DSC_0576-scaled.jpg\u00a0\u00bb title_text=\u00a0\u00bb25112023-DSC_0576&Prime; align=\u00a0\u00bbcenter\u00a0\u00bb _builder_version=\u00a0\u00bb4.25.1&Prime; _module_preset=\u00a0\u00bbdefault\u00a0\u00bb background_color=\u00a0\u00bb#000000&Prime; height=\u00a0\u00bb350px\u00a0\u00bb global_colors_info=\u00a0\u00bb{}\u00a0\u00bb][\/et_pb_image][\/et_pb_column][et_pb_column type=\u00a0\u00bb1_2&Prime; _builder_version=\u00a0\u00bb4.25.1&Prime; _module_preset=\u00a0\u00bbdefault\u00a0\u00bb global_colors_info=\u00a0\u00bb{}\u00a0\u00bb][et_pb_text content_tablet=\u00a0\u00bb<\/p>\n<p>UNE COUTURE RESPONSABLE<\/p>\n<\/p>\n<p>Toute les pi\u00e9ces sont con\u00e7u dans notre atelier \u00e0 Lille.<\/p>\n<p>Gone utilise uniquement des stock dormant des grandes maisons de couture pour d\u00e9velopper ses cr\u00e9ations.<\/p>\n<p>Lutter contre le gaspillage textile<\/p>\n<\/p>\n<p>\u00c9dition limit\u00e9e, collections capsule.<\/p>\n<p>Gone \u00e0 pour projet de collaborer avec des artistes et artisants fran\u00e7ais.<\/p>\n<p>\u00a0\u00bb content_phone=\u00a0\u00bb<\/p>\n<p>UNE COUTURE RESPONSABLE<\/p>\n<\/p>\n<p>Toute les pi\u00e9ces sont con\u00e7u dans notre atelier \u00e0 Lille.<\/p>\n<p>Gone utilise uniquement des stock dormant des grandes maisons de couture pour d\u00e9velopper ses cr\u00e9ations.<\/p>\n<p>Lutter contre le gaspillage textile<\/p>\n<\/p>\n<p>\u00c9dition limit\u00e9e, collections capsule.<\/p>\n<p>Gone \u00e0 pour projet de collaborer avec des artistes et artisants fran\u00e7ais.<\/p>\n<p>\u00a0\u00bb content_last_edited=\u00a0\u00bbon|desktop\u00a0\u00bb _builder_version=\u00a0\u00bb4.25.1&Prime; _module_preset=\u00a0\u00bbdefault\u00a0\u00bb text_text_color=\u00a0\u00bb#FFFFFF\u00a0\u00bb global_colors_info=\u00a0\u00bb{}\u00a0\u00bb]<\/p>\n<p>UNE COUTURE RESPONSABLE<\/p>\n<p>&nbsp;<\/p>\n<p>Toute les pi\u00e9ces sont con\u00e7u dans notre atelier \u00e0 Lille.<\/p>\n<p>Gone utilise uniquement des stock dormant des grandes maisons de couture pour d\u00e9velopper ses cr\u00e9ations.<\/p>\n<p>Lutter contre le gaspillage textile<\/p>\n<p>&nbsp;<\/p>\n<p>\u00c9dition limit\u00e9e, collections capsule.<\/p>\n<p>Gone \u00e0 pour projet de collaborer avec des artistes et artisants fran\u00e7ais.<\/p>\n<p>[\/et_pb_text][\/et_pb_column][\/et_pb_row][\/et_pb_section]<\/p>\n","protected":false},"excerpt":{"rendered":"<p>LA\u00a0CR\u00c9ATION\u00a0EST UN BESOIN VITAL, UN MOYEN D&rsquo;EXPRESSION O\u00d9 \u00c2ME ET ARTISANAT SE RENCONTRENT POUR DONNER NAISSANCE \u00c0 DES PI\u00c8CES UNIQUES. N\u00c9 DANS UN VILLAGE DU NORD DE LA FRANCE, LE CR\u00c9ATEUR GONE PUISE SON INSPIRATION DANS SON V\u00c9CU, SON ENVIRONNEMENT ET SON HERITAGE CULTUREL. CHAQUE COLLECTION EST UN VOYAGE, UN R\u00c9CIT TEXTILE QUI EXPLORE DES [&hellip;]<\/p>\n","protected":false},"author":1,"featured_media":0,"parent":0,"menu_order":0,"comment_status":"closed","ping_status":"closed","template":"","meta":{"_et_pb_use_builder":"on","_et_pb_old_content":"","_et_gb_content_width":"","footnotes":""},"class_list":["post-94","page","type-page","status-publish","hentry"],"_links":{"self":[{"href":"https:\/\/gonelio.fr\/index.php\/wp-json\/wp\/v2\/pages\/94","targetHints":{"allow":["GET"]}}],"collection":[{"href":"https:\/\/gonelio.fr\/index.php\/wp-json\/wp\/v2\/pages"}],"about":[{"href":"https:\/\/gonelio.fr\/index.php\/wp-json\/wp\/v2\/types\/page"}],"author":[{"embeddable":true,"href":"https:\/\/gonelio.fr\/index.php\/wp-json\/wp\/v2\/users\/1"}],"replies":[{"embeddable":true,"href":"https:\/\/gonelio.fr\/index.php\/wp-json\/wp\/v2\/comments?post=94"}],"version-history":[{"count":12,"href":"https:\/\/gonelio.fr\/index.php\/wp-json\/wp\/v2\/pages\/94\/revisions"}],"predecessor-version":[{"id":242374,"href":"https:\/\/gonelio.fr\/index.php\/wp-json\/wp\/v2\/pages\/94\/revisions\/242374"}],"wp:attachment":[{"href":"https:\/\/gonelio.fr\/index.php\/wp-json\/wp\/v2\/media?parent=94"}],"curies":[{"name":"wp","href":"https:\/\/api.w.org\/{rel}","templated":true}]}}